{"id":4723,"date":"2024-02-28T12:59:50","date_gmt":"2024-02-28T11:59:50","guid":{"rendered":"https:\/\/test.neobird.de\/?page_id=4723"},"modified":"2024-07-10T13:29:58","modified_gmt":"2024-07-10T11:29:58","slug":"jobs","status":"publish","type":"page","link":"https:\/\/www.neobird.de\/en\/jobs\/","title":{"rendered":"Jobs"},"content":{"rendered":"<div data-elementor-type=\"wp-page\" data-elementor-id=\"4723\" class=\"elementor elementor-4723\">\n\t\t\t\t\t\t<section class=\"elementor-section elementor-top-section elementor-element elementor-element-5cab39c elementor-section-boxed elementor-section-height-default elementor-section-height-default elementor-invisible\" data-id=\"5cab39c\" data-element_type=\"section\" data-settings=\"{&quot;animation&quot;:&quot;fadeIn&quot;}\">\r\n\t\t\t\t\t\t<div class=\"elementor-container elementor-column-gap-thegem\"><div class=\"elementor-row\">\r\n\t\t\t\t\t<div class=\"elementor-column elementor-col-50 elementor-top-column elementor-element elementor-element-db5da7f\" data-id=\"db5da7f\" data-element_type=\"column\">\n\t\t\t<div class=\"elementor-widget-wrap elementor-element-populated\">\n\t\t\t\t\t\t<div class=\"elementor-element elementor-element-6436def flex-horizontal-align-default flex-horizontal-align-tablet-default flex-horizontal-align-mobile-default flex-vertical-align-default flex-vertical-align-tablet-default flex-vertical-align-mobile-default elementor-widget elementor-widget-heading\" data-id=\"6436def\" data-element_type=\"widget\" data-widget_type=\"heading.default\">\n\t\t\t\t<div class=\"elementor-widget-container\">\n\t\t\t<style>\/*! elementor - v3.22.0 - 26-06-2024 *\/\n.elementor-heading-title{padding:0;margin:0;line-height:1}.elementor-widget-heading .elementor-heading-title[class*=elementor-size-]>a{color:inherit;font-size:inherit;line-height:inherit}.elementor-widget-heading .elementor-heading-title.elementor-size-small{font-size:15px}.elementor-widget-heading .elementor-heading-title.elementor-size-medium{font-size:19px}.elementor-widget-heading .elementor-heading-title.elementor-size-large{font-size:29px}.elementor-widget-heading .elementor-heading-title.elementor-size-xl{font-size:39px}.elementor-widget-heading .elementor-heading-title.elementor-size-xxl{font-size:59px}<\/style><div class=\"title-h4 elementor-heading-title elementor-size-default\">join the team<\/div>\t\t<\/div>\n\t\t\t\t<\/div>\n\t\t\t\t<div class=\"elementor-element elementor-element-888febb elementor-widget__width-inherit flex-horizontal-align-default flex-horizontal-align-tablet-default flex-horizontal-align-mobile-default flex-vertical-align-default flex-vertical-align-tablet-default flex-vertical-align-mobile-default elementor-invisible elementor-widget elementor-widget-html\" data-id=\"888febb\" data-element_type=\"widget\" data-settings=\"{&quot;_animation&quot;:&quot;fadeIn&quot;}\" data-widget_type=\"html.default\">\n\t\t\t\t<div class=\"elementor-widget-container\">\n\t\t\t<div class=\"anb-separator-base\" style=\"min-height: 2px;\">\n    \n    <div class=\"anb-separator\" style=\"min-height: 2px; width: 80px; background-color:#F29100;\"><\/div>\n    \n<\/div>\t\t<\/div>\n\t\t\t\t<\/div>\n\t\t\t\t<section class=\"elementor-section elementor-inner-section elementor-element elementor-element-aa32768 elementor-section-boxed elementor-section-height-default elementor-section-height-default\" data-id=\"aa32768\" data-element_type=\"section\">\r\n\t\t\t\t\t\t<div class=\"elementor-container elementor-column-gap-thegem\"><div class=\"elementor-row\">\r\n\t\t\t\t\t<div class=\"elementor-column elementor-col-100 elementor-inner-column elementor-element elementor-element-0211c5f\" data-id=\"0211c5f\" data-element_type=\"column\">\n\t\t\t<div class=\"elementor-widget-wrap elementor-element-populated\">\n\t\t\t\t\t\t<div class=\"elementor-element elementor-element-94d378e flex-horizontal-align-default flex-horizontal-align-tablet-default flex-horizontal-align-mobile-default flex-vertical-align-default flex-vertical-align-tablet-default flex-vertical-align-mobile-default elementor-widget elementor-widget-text-editor\" data-id=\"94d378e\" data-element_type=\"widget\" data-widget_type=\"text-editor.default\">\n\t\t\t\t<div class=\"elementor-widget-container\">\n\t\t\t<style>\/*! elementor - v3.22.0 - 26-06-2024 *\/\n.elementor-widget-text-editor.elementor-drop-cap-view-stacked .elementor-drop-cap{background-color:#69727d;color:#fff}.elementor-widget-text-editor.elementor-drop-cap-view-framed .elementor-drop-cap{color:#69727d;border:3px solid;background-color:transparent}.elementor-widget-text-editor:not(.elementor-drop-cap-view-default) .elementor-drop-cap{margin-top:8px}.elementor-widget-text-editor:not(.elementor-drop-cap-view-default) .elementor-drop-cap-letter{width:1em;height:1em}.elementor-widget-text-editor .elementor-drop-cap{float:left;text-align:center;line-height:1;font-size:50px}.elementor-widget-text-editor .elementor-drop-cap-letter{display:inline-block}<\/style>\t\t\t\t\t\t\t<div class=\"elementor-text-editor elementor-clearfix\">\r\n\t\t\t\t\t\t<p>NeoBird GmbH &amp; Co. KG produces cross-platform application software and games. We have many years of experience in the fields of game design, game development, interactive design and gamification.<\/p>\n<p>We realize solutions that work equally well as a desktop application, console, on the web and on mobile devices. We are looking for team-oriented, reliable personalities with an enthusiasm for games and the will to make a difference. Gender, ethnicity, health issues and religious or national affiliation do not play a role.<\/p>\n<p>We are an enthusiastic young team with flat hierarchies that is facing exciting challenges. Apply for our current job offers and get started with NeoBird!<\/p>\t\t\t\t\t\t\t<\/div>\r\n\t\t\t\t\t\t\t\t<\/div>\n\t\t\t\t<\/div>\n\t\t\t\t\t<\/div>\n\t\t<\/div>\n\t\t\t\t\t<\/div><\/div>\r\n\t\t<\/section>\r\n\t\t\t\t\t<\/div>\n\t\t<\/div>\n\t\t\t\t<div class=\"elementor-column elementor-col-50 elementor-top-column elementor-element elementor-element-54796d7\" data-id=\"54796d7\" data-element_type=\"column\">\n\t\t\t<div class=\"elementor-widget-wrap elementor-element-populated\">\n\t\t\t\t\t\t<div class=\"elementor-element elementor-element-bb52ffa flex-horizontal-align-default flex-horizontal-align-tablet-default flex-horizontal-align-mobile-default flex-vertical-align-default flex-vertical-align-tablet-default flex-vertical-align-mobile-default elementor-widget elementor-widget-image\" data-id=\"bb52ffa\" data-element_type=\"widget\" data-widget_type=\"image.default\">\n\t\t\t\t<div class=\"elementor-widget-container\">\n\t\t\t<style>\/*! elementor - v3.22.0 - 26-06-2024 *\/\n.elementor-widget-image{text-align:center}.elementor-widget-image a{display:inline-block}.elementor-widget-image a img[src$=\".svg\"]{width:48px}.elementor-widget-image img{vertical-align:middle;display:inline-block}<\/style>\t\t\t\t\t\t\t\t\t\t<img fetchpriority=\"high\" width=\"1024\" height=\"773\" src=\"https:\/\/www.neobird.de\/wp-content\/uploads\/2024\/01\/team-4-1024x773.jpg\" class=\"attachment-large size-large wp-image-4570\" alt=\"Team 4\" srcset=\"https:\/\/www.neobird.de\/wp-content\/uploads\/2024\/01\/team-4-1024x773.jpg 1024w, https:\/\/www.neobird.de\/wp-content\/uploads\/2024\/01\/team-4-300x227.jpg 300w, https:\/\/www.neobird.de\/wp-content\/uploads\/2024\/01\/team-4-768x580.jpg 768w, https:\/\/www.neobird.de\/wp-content\/uploads\/2024\/01\/team-4-1536x1160.jpg 1536w, https:\/\/www.neobird.de\/wp-content\/uploads\/2024\/01\/team-4-2048x1547.jpg 2048w\" sizes=\"(max-width: 1024px) 100vw, 1024px\" \/>\t\t\t\t\t\t\t\t\t\t\t\t\t<\/div>\n\t\t\t\t<\/div>\n\t\t\t\t\t<\/div>\n\t\t<\/div>\n\t\t\t\t\t<\/div><\/div>\r\n\t\t<\/section>\r\n\t\t\t\t<section class=\"elementor-section elementor-top-section elementor-element elementor-element-28cf89d1 elementor-section-boxed elementor-section-height-default elementor-section-height-default\" data-id=\"28cf89d1\" data-element_type=\"section\" data-settings=\"{&quot;background_background&quot;:&quot;classic&quot;,&quot;thegem_parallax_activate&quot;:&quot;yes&quot;,&quot;thegem_parallax_type&quot;:&quot;vertical&quot;}\">\r\n\t\t\t\t\t\t\t<div class=\"elementor-background-overlay\"><\/div>\r\n\t\t\t\t\t\t\t<div class=\"elementor-container elementor-column-gap-thegem\"><div class=\"elementor-row\">\r\n\t\t\t\t\t<div class=\"elementor-column elementor-col-100 elementor-top-column elementor-element elementor-element-30945b06\" data-id=\"30945b06\" data-element_type=\"column\">\n\t\t\t<div class=\"elementor-widget-wrap elementor-element-populated\">\n\t\t\t\t\t\t<div class=\"elementor-element elementor-element-99f3ce0 flex-horizontal-align-default flex-horizontal-align-tablet-default flex-horizontal-align-mobile-default flex-vertical-align-default flex-vertical-align-tablet-default flex-vertical-align-mobile-default elementor-invisible elementor-widget elementor-widget-heading\" data-id=\"99f3ce0\" data-element_type=\"widget\" data-settings=\"{&quot;_animation&quot;:&quot;fadeIn&quot;}\" data-widget_type=\"heading.default\">\n\t\t\t\t<div class=\"elementor-widget-container\">\n\t\t\t<div class=\"title-h4 elementor-heading-title elementor-size-default\">we are looking for<\/div>\t\t<\/div>\n\t\t\t\t<\/div>\n\t\t\t\t<div class=\"elementor-element elementor-element-7dd2d5f elementor-widget__width-inherit flex-horizontal-align-default flex-horizontal-align-tablet-default flex-horizontal-align-mobile-default flex-vertical-align-default flex-vertical-align-tablet-default flex-vertical-align-mobile-default elementor-invisible elementor-widget elementor-widget-html\" data-id=\"7dd2d5f\" data-element_type=\"widget\" data-settings=\"{&quot;_animation&quot;:&quot;fadeIn&quot;}\" data-widget_type=\"html.default\">\n\t\t\t\t<div class=\"elementor-widget-container\">\n\t\t\t<div class=\"anb-separator-base\" style=\"min-height: 2px; transform: translate(50%, 0%)\">\n    \n    <div class=\"anb-separator\" style=\"min-height: 2px; width: 80px; background-color:#F29100; transform: translate(-50%, 0%)\"><\/div>\n    \n<\/div>\t\t<\/div>\n\t\t\t\t<\/div>\n\t\t\t\t<div class=\"elementor-element elementor-element-611546a1 flex-horizontal-align-default flex-horizontal-align-tablet-default flex-horizontal-align-mobile-default flex-vertical-align-default flex-vertical-align-tablet-default flex-vertical-align-mobile-default elementor-invisible elementor-widget elementor-widget-thegem-team\" data-id=\"611546a1\" data-element_type=\"widget\" data-settings=\"{&quot;thegem_elementor_preset&quot;:&quot;4&quot;,&quot;content_team_cat&quot;:[&quot;neobird-job&quot;],&quot;columns&quot;:&quot;2&quot;,&quot;content_elems_descript&quot;:&quot;yes&quot;,&quot;columns_tablet&quot;:&quot;2&quot;,&quot;columns_mobile&quot;:&quot;1&quot;,&quot;_animation&quot;:&quot;fadeIn&quot;,&quot;items_count&quot;:-1,&quot;content_elems_img&quot;:&quot;yes&quot;,&quot;content_elems_name&quot;:&quot;yes&quot;,&quot;content_elems_position&quot;:&quot;yes&quot;,&quot;content_elems_social&quot;:&quot;yes&quot;}\" data-widget_type=\"thegem-team.default\">\n\t\t\t\t<div class=\"elementor-widget-container\">\n\t\t\t\r\n\t\t\t<div class=\"row gem-team gem-team-style-4 gem-team-equal-height\" >\r\n\r\n\t\t\t\t<div class=\"col-md-6 col-sm-6 col-xs-12 w-link thegem-wrap inline-column\">\r\n\r\n\t<div id=\"post-4829\" class=\"team-person bordered-box  post-4829 thegem_team_person type-thegem_team_person status-publish has-post-thumbnail\" >\r\n\r\n\t\t\t\t\t<div class=\"team-person-image\">\r\n\t\t\t\t<span><img width=\"160\" height=\"160\" src=\"https:\/\/www.neobird.de\/wp-content\/uploads\/2024\/02\/icon-file-pdf-thegem-person-160.png\" class=\"img-responsive wp-post-image\" alt=\"icon-file-pdf\" srcset=\"https:\/\/www.neobird.de\/wp-content\/uploads\/2024\/02\/icon-file-pdf.png 2x\" sizes=\"100vw\" \/><\/span>\t\t\t<\/div>\r\n\t\t\r\n\t\t<div class=\"team-person-info clearfix\">\r\n\r\n\t\t\t\t\t\t\t<div class=\"team-person-name styled-subtitle\" >Praktikum oder Abschlussarbeiten - Software-Developer Apps & Games (m\/w\/d)<\/div>\t\t\t\r\n\t\t\t\t\t\t\t<div class=\"team-person-position date-color\" >Vollzeit oder Teilzeit<\/div>\t\t\t\r\n\t\t\t\t\t\t\t<div class=\"team-person-description\"><p>Konzeption und Entwicklung von Anwendungen und Spielen f\u00fcr alle Plattformen, Entwicklung von Spielelogik, Datenstrukturen und Algorithmen&#8230;<\/p>\n<\/div>\r\n\t\t\t\r\n\t\t\t\r\n\t\t\t\r\n\t\t\t\r\n\t\t<\/div>\r\n\r\n\t\t\t\t\t<a class=\"team-person-link\" href=\"https:\/\/static.neobird.de\/neobird\/job\/NeoBird_JobAd_SoftwareDeveloper_Praktikum_221118.pdf\" target=\"_blank\"><\/a>\t\t\r\n\t<\/div>\r\n\r\n<\/div><div class=\"col-md-6 col-sm-6 col-xs-12 w-link thegem-wrap inline-column\">\r\n\r\n\t<div id=\"post-4843\" class=\"team-person bordered-box  post-4843 thegem_team_person type-thegem_team_person status-publish has-post-thumbnail\" >\r\n\r\n\t\t\t\t\t<div class=\"team-person-image\">\r\n\t\t\t\t<span><img width=\"160\" height=\"160\" src=\"https:\/\/www.neobird.de\/wp-content\/uploads\/2024\/02\/icon-file-pdf-thegem-person-160.png\" class=\"img-responsive wp-post-image\" alt=\"icon-file-pdf\" srcset=\"https:\/\/www.neobird.de\/wp-content\/uploads\/2024\/02\/icon-file-pdf.png 2x\" sizes=\"100vw\" \/><\/span>\t\t\t<\/div>\r\n\t\t\r\n\t\t<div class=\"team-person-info clearfix\">\r\n\r\n\t\t\t\t\t\t\t<div class=\"team-person-name styled-subtitle\" >Praktikum oder Abschlussarbeiten - Fullstack-Developer (m\/w\/d)<\/div>\t\t\t\r\n\t\t\t\t\t\t\t<div class=\"team-person-position date-color\" >Vollzeit oder Teilzeit<\/div>\t\t\t\r\n\t\t\t\t\t\t\t<div class=\"team-person-description\"><p>Entwicklung von Web-Anwendungen und Webseiten im Serious und Games Bereich, Konzeption und Umsetzung von Apps und Games mit Html5&#8230;<\/p>\n<\/div>\r\n\t\t\t\r\n\t\t\t\r\n\t\t\t\r\n\t\t\t\r\n\t\t<\/div>\r\n\r\n\t\t\t\t\t<a class=\"team-person-link\" href=\"https:\/\/static.neobird.de\/neobird\/job\/NeoBird_Fullstack-Developer_Praktikum_221118.pdf\" target=\"_blank\"><\/a>\t\t\r\n\t<\/div>\r\n\r\n<\/div><div class=\"col-md-6 col-sm-6 col-xs-12 w-link thegem-wrap inline-column\">\r\n\r\n\t<div id=\"post-4844\" class=\"team-person bordered-box  post-4844 thegem_team_person type-thegem_team_person status-publish has-post-thumbnail\" >\r\n\r\n\t\t\t\t\t<div class=\"team-person-image\">\r\n\t\t\t\t<span><img width=\"160\" height=\"160\" src=\"https:\/\/www.neobird.de\/wp-content\/uploads\/2024\/02\/icon-file-pdf-thegem-person-160.png\" class=\"img-responsive wp-post-image\" alt=\"icon-file-pdf\" srcset=\"https:\/\/www.neobird.de\/wp-content\/uploads\/2024\/02\/icon-file-pdf.png 2x\" sizes=\"100vw\" \/><\/span>\t\t\t<\/div>\r\n\t\t\r\n\t\t<div class=\"team-person-info clearfix\">\r\n\r\n\t\t\t\t\t\t\t<div class=\"team-person-name styled-subtitle\" >Praktikum oder Abschlussarbeiten - Game Artist 3D \/ 2D (m\/w\/d)<\/div>\t\t\t\r\n\t\t\t\t\t\t\t<div class=\"team-person-position date-color\" >Vollzeit oder Teilzeit<\/div>\t\t\t\r\n\t\t\t\t\t\t\t<div class=\"team-person-description\"><p>Grafik- und\/oder Design f\u00fcr Anwendungen und Spiele f\u00fcr alle Plattformen, Fertigung und Gestaltung von Modellen, Grafiken, Animationen und UI Elementen&#8230;<\/p>\n<\/div>\r\n\t\t\t\r\n\t\t\t\r\n\t\t\t\r\n\t\t\t\r\n\t\t<\/div>\r\n\r\n\t\t\t\t\t<a class=\"team-person-link\" href=\"https:\/\/static.neobird.de\/neobird\/job\/NeoBird_JobAd_GameArtist3D2D_Praktikum_221118.pdf\" target=\"_blank\"><\/a>\t\t\r\n\t<\/div>\r\n\r\n<\/div><div class=\"col-md-6 col-sm-6 col-xs-12 w-link thegem-wrap inline-column\">\r\n\r\n\t<div id=\"post-4845\" class=\"team-person bordered-box  post-4845 thegem_team_person type-thegem_team_person status-publish has-post-thumbnail\" >\r\n\r\n\t\t\t\t\t<div class=\"team-person-image\">\r\n\t\t\t\t<span><img width=\"160\" height=\"160\" src=\"https:\/\/www.neobird.de\/wp-content\/uploads\/2024\/02\/icon-file-pdf-thegem-person-160.png\" class=\"img-responsive wp-post-image\" alt=\"icon-file-pdf\" srcset=\"https:\/\/www.neobird.de\/wp-content\/uploads\/2024\/02\/icon-file-pdf.png 2x\" sizes=\"100vw\" \/><\/span>\t\t\t<\/div>\r\n\t\t\r\n\t\t<div class=\"team-person-info clearfix\">\r\n\r\n\t\t\t\t\t\t\t<div class=\"team-person-name styled-subtitle\" >Praktikum oder Abschlussarbeiten - UI\/UX Artist (m\/w\/d)<\/div>\t\t\t\r\n\t\t\t\t\t\t\t<div class=\"team-person-position date-color\" >Vollzeit oder Teilzeit<\/div>\t\t\t\r\n\t\t\t\t\t\t\t<div class=\"team-person-description\"><p>Umsetzung eines gesamtheitlich begeisternden Spielerlebnisses, Entwicklung von Wireframes, Low- und High-Fidelity-Mockups sowie Prototypen, Entwurf grafischer Benutzeroberfl\u00e4chen&#8230;<\/p>\n<\/div>\r\n\t\t\t\r\n\t\t\t\r\n\t\t\t\r\n\t\t\t\r\n\t\t<\/div>\r\n\r\n\t\t\t\t\t<a class=\"team-person-link\" href=\"https:\/\/static.neobird.de\/neobird\/job\/NeoBird_JobAd_UI_UX_Artist_Praktikum_221118.pdf\" target=\"_blank\"><\/a>\t\t\r\n\t<\/div>\r\n\r\n<\/div>\r\n\t\t\t<\/div>\r\n\r\n\t\t\t\t<\/div>\n\t\t\t\t<\/div>\n\t\t\t\t\t<\/div>\n\t\t<\/div>\n\t\t\t\t\t<\/div><\/div>\r\n\t\t<\/section>\r\n\t\t\t\t<\/div>","protected":false},"excerpt":{"rendered":"<p>Komm ins Team Die NeoBird GmbH &amp; Co. KG produziert plattform\u00fcbergreifende Anwendungssoftware und Games. Wir verf\u00fcgen \u00fcber langj\u00e4hrige Erfahrung in&#8230;<\/p>","protected":false},"author":1,"featured_media":0,"parent":0,"menu_order":0,"comment_status":"closed","ping_status":"closed","template":"page-fullwidth.php","meta":{"slim_seo":[],"footnotes":""},"class_list":["post-4723","page","type-page","status-publish"],"_links":{"self":[{"href":"https:\/\/www.neobird.de\/en\/wp-json\/wp\/v2\/pages\/4723","targetHints":{"allow":["GET"]}}],"collection":[{"href":"https:\/\/www.neobird.de\/en\/wp-json\/wp\/v2\/pages"}],"about":[{"href":"https:\/\/www.neobird.de\/en\/wp-json\/wp\/v2\/types\/page"}],"author":[{"embeddable":true,"href":"https:\/\/www.neobird.de\/en\/wp-json\/wp\/v2\/users\/1"}],"replies":[{"embeddable":true,"href":"https:\/\/www.neobird.de\/en\/wp-json\/wp\/v2\/comments?post=4723"}],"version-history":[{"count":91,"href":"https:\/\/www.neobird.de\/en\/wp-json\/wp\/v2\/pages\/4723\/revisions"}],"predecessor-version":[{"id":5370,"href":"https:\/\/www.neobird.de\/en\/wp-json\/wp\/v2\/pages\/4723\/revisions\/5370"}],"wp:attachment":[{"href":"https:\/\/www.neobird.de\/en\/wp-json\/wp\/v2\/media?parent=4723"}],"curies":[{"name":"wp","href":"https:\/\/api.w.org\/{rel}","templated":true}]}}